{"id":23134,"date":"2022-11-08T14:59:47","date_gmt":"2022-11-08T13:59:47","guid":{"rendered":"https:\/\/www.kulturplakatierung.de\/contact\/"},"modified":"2023-01-23T12:38:07","modified_gmt":"2023-01-23T11:38:07","slug":"contact","status":"publish","type":"page","link":"https:\/\/www.kulturplakatierung.de\/fr\/contact\/","title":{"rendered":"Contact"},"content":{"rendered":"<div class=\"wpb-content-wrapper\"><p>[vc_row row_type=\u00a0\u00bbparallax\u00a0\u00bb text_align=\u00a0\u00bbleft\u00a0\u00bb background_image=\u00a0\u00bb22582&Prime; full_screen_section_height=\u00a0\u00bbno\u00a0\u00bb section_height=\u00a0\u00bb365&Prime; parallax_speed=\u00a0\u00bb0&Prime; css=\u00a0\u00bb.vc_custom_1642412201247{background-color: #e5006d !important;}\u00a0\u00bb][vc_column][vc_row_inner row_type=\u00a0\u00bbrow\u00a0\u00bb type=\u00a0\u00bbfull_width\u00a0\u00bb use_row_as_full_screen_section_slide=\u00a0\u00bbno\u00a0\u00bb text_align=\u00a0\u00bbcenter\u00a0\u00bb css_animation=\u00a0\u00bb\u00a0\u00bb][vc_column_inner][vc_separator type=\u00a0\u00bbtransparent\u00a0\u00bb border_style=\u00a0\u00bb\u00a0\u00bb up=\u00a0\u00bb40&Prime;]<div class='q_icon_with_title medium circle without_double_border center'><div class=\"icon_holder \" style=\" \"><div class=\"icon_holder_inner\"><span class=\"fa-stack fa-3x  custom-font\" style=\"color: #ffffff;background-color: #e5006d;\"><i class=\"icon_text_icon fa fa-phone fa-stack-1x\"><\/i><\/span><\/div><\/div><div class=\"icon_text_holder\" style=\"\"><div class=\"icon_text_inner\" style=\"\"><h4 class=\"icon_title\" style=\"color: #ffffff\">POUR POSER DES AFFICHES DE MANIERE CIBLEE, UN CONSEIL PERSONNALIS\u00c9 EST INDISPENSABLE. SI VOUS SOUHAITEZ FAIRE DE LA PUBLICITE A BERLIN, NOUS SERIONS HEUREUX DE VOUS ASSISTER. CONTACTEZ-NOUS POUR EN SAVOIR PLUS.<\/h4><p style=''><\/p><\/div><\/div><\/div>[vc_separator type=\u00a0\u00bbtransparent\u00a0\u00bb border_style=\u00a0\u00bb\u00a0\u00bb up=\u00a0\u00bb40&Prime;][\/vc_column_inner][\/vc_row_inner][\/vc_column][\/vc_row][vc_row row_type=\u00a0\u00bbrow\u00a0\u00bb use_row_as_full_screen_section=\u00a0\u00bbno\u00a0\u00bb type=\u00a0\u00bbgrid\u00a0\u00bb text_align=\u00a0\u00bbleft\u00a0\u00bb background_animation=\u00a0\u00bbnone\u00a0\u00bb padding_top=\u00a0\u00bb100&Prime; padding_bottom=\u00a0\u00bb60&Prime; css_animation=\u00a0\u00bb\u00a0\u00bb][vc_column width=\u00a0\u00bb1\/4&Prime;][vc_column_text]<\/p>\n<h3>Bureau<\/h3>\n<p>[\/vc_column_text][vc_separator type=\u00a0\u00bbtransparent\u00a0\u00bb border_style=\u00a0\u00bb\u00a0\u00bb up=\u00a0\u00bb20&Prime; down=\u00a0\u00bb0&Prime;][vc_column_text]<strong>Kulturplakatierung Berlin GmbH<\/strong><br \/>\nBerkenbr\u00fccker Steig 20<br \/>\n13055 Berlin, Allemagne[\/vc_column_text][vc_separator type=\u00a0\u00bbtransparent\u00a0\u00bb border_style=\u00a0\u00bb\u00a0\u00bb up=\u00a0\u00bb20&Prime; down=\u00a0\u00bb0&Prime;][vc_column_text]<strong>Horaire<\/strong><br \/>\nLun. &#8211; Ven.: 8.00 &#8211; 17.00 h[\/vc_column_text][vc_separator type=\u00a0\u00bbtransparent\u00a0\u00bb border_style=\u00a0\u00bb\u00a0\u00bb up=\u00a0\u00bb20&Prime; down=\u00a0\u00bb0&Prime;][vc_column_text]<strong>Contact<\/strong><br \/>\nTel.: <a style=\"color: #373738;\" href=\"tel:004930863294700\">+49 30 86 32 947 00<\/a><br \/>\n<a style=\"color: #373738;\" href=\"mailto:info@kulturplakatierung.de\">info@kulturplakatierung.de<\/a>[\/vc_column_text][vc_separator type=\u00a0\u00bbtransparent\u00a0\u00bb border_style=\u00a0\u00bb\u00a0\u00bb up=\u00a0\u00bb40&Prime; down=\u00a0\u00bb0&Prime;][\/vc_column][vc_column width=\u00a0\u00bb3\/4&Prime;][vc_gmaps link=\u00a0\u00bb#E-8_JTNDaWZyYW1lJTIwZGF0YS1zcmMlM0QlMjJodHRwcyUzQSUyRiUyRnd3dy5nb29nbGUuY29tJTJGbWFwcyUyRmVtYmVkJTNGcGIlM0QlMjExbTE4JTIxMW0xMiUyMTFtMyUyMTFkMjQyNi43Njg0NDYxMjY2MDklMjEyZDEzLjQ3NzUwNTQxNTk3Njk5NCUyMTNkNTIuNTM3NjIzNTQyNjc1MTE0JTIxMm0zJTIxMWYwJTIxMmYwJTIxM2YwJTIxM20yJTIxMWkxMDI0JTIxMmk3NjglMjE0ZjEzLjElMjEzbTMlMjExbTIlMjExczB4NDdhODRjMmIxOWI5ZDUwYiUyNTNBMHhkMjM3M2E1NmE0N2VkMDklMjEyc0t1bHR1cnBsYWthdGllcnVuZyUyNTIwQmVybGluJTIxNWUwJTIxM20yJTIxMXNkZSUyMTJzZGUlMjE0djE2NTc3MTQ2NjkyOTklMjE1bTIlMjExc2RlJTIxMnNkZSUyMiUyMHdpZHRoJTNEJTIyNjAwJTIyJTIwaGVpZ2h0JTNEJTIyMzUwJTIyJTIwc3R5bGUlM0QlMjJib3JkZXIlM0EwJTNCJTIyJTIwYWxsb3dmdWxsc2NyZWVuJTNEJTIyJTIyJTIwbG9hZGluZyUzRCUyMmxhenklMjIlMjByZWZlcnJlcnBvbGljeSUzRCUyMm5vLXJlZmVycmVyLXdoZW4tZG93bmdyYWRlJTIyJTIwZGF0YS1jb29raWVjb25zZW50JTNEJTIybWFya2V0aW5nJTIyJTNFJTNDJTJGaWZyYW1lJTNF\u00a0\u00bb size=\u00a0\u00bb350&Prime;][vc_raw_html el_class=\u00a0\u00bbcookieconsent-optout-marketing\u00a0\u00bb]PGRpdiBzdHlsZT0iYmFja2dyb3VuZC1jb2xvcjojZjdmN2Y3OyBwYWRkaW5nOjE5JSAxMCU7IGZvbnQtd2VpZ2h0OjYwMDsiPlZvdXMgZGV2ZXogZCdhYm9yZCBhY2NlcHRlciBsZXMgPGEgaHJlZj0iamF2YXNjcmlwdDpDb29raWVib3QucmVuZXcoKSI+Y29va2llcyBtYXJrZXRpbmc8L2E+IHBvdXIgcXVlIGxlIGNvbnRlbnUgZGUgR29vZ2xlIE1hcHMgc29pdCBjaGFyZ8OpLjwvZGl2Pg==[\/vc_raw_html][vc_separator type=\u00a0\u00bbtransparent\u00a0\u00bb border_style=\u00a0\u00bb\u00a0\u00bb up=\u00a0\u00bb40&Prime; down=\u00a0\u00bb0&Prime;][\/vc_column][\/vc_row][vc_row row_type=\u00a0\u00bbrow\u00a0\u00bb use_row_as_full_screen_section=\u00a0\u00bbno\u00a0\u00bb type=\u00a0\u00bbfull_width\u00a0\u00bb text_align=\u00a0\u00bbleft\u00a0\u00bb background_animation=\u00a0\u00bbnone\u00a0\u00bb padding_top=\u00a0\u00bb0&Prime; padding_bottom=\u00a0\u00bb0&Prime; css_animation=\u00a0\u00bb\u00a0\u00bb][vc_column][vc_separator type=\u00a0\u00bbnormal\u00a0\u00bb border_style=\u00a0\u00bb\u00a0\u00bb up=\u00a0\u00bb0&Prime; down=\u00a0\u00bb0&Prime;][\/vc_column][\/vc_row][vc_row row_type=\u00a0\u00bbrow\u00a0\u00bb use_row_as_full_screen_section=\u00a0\u00bbno\u00a0\u00bb type=\u00a0\u00bbgrid\u00a0\u00bb text_align=\u00a0\u00bbleft\u00a0\u00bb background_animation=\u00a0\u00bbnone\u00a0\u00bb padding_top=\u00a0\u00bb100&Prime; padding_bottom=\u00a0\u00bb60&Prime; css_animation=\u00a0\u00bb\u00a0\u00bb][vc_column width=\u00a0\u00bb1\/4&Prime;][vc_column_text]<\/p>\n<h3>Entrep\u00f4t d\u2019affiches<\/h3>\n<p>[\/vc_column_text][vc_separator type=\u00a0\u00bbtransparent\u00a0\u00bb border_style=\u00a0\u00bb\u00a0\u00bb up=\u00a0\u00bb20&Prime; down=\u00a0\u00bb0&Prime;][vc_column_text]<strong>Kulturplakatierung Berlin GmbH<\/strong><br \/>\nK\u00f6penicker Chaussee 49<br \/>\n10317 Berlin, Allemagne[\/vc_column_text][vc_separator type=\u00a0\u00bbtransparent\u00a0\u00bb border_style=\u00a0\u00bb\u00a0\u00bb up=\u00a0\u00bb20&Prime; down=\u00a0\u00bb0&Prime;][vc_column_text]<strong>Horaire<\/strong><br \/>\nLun. &#8211; Ven.: 8.00 &#8211; 17.00 h[\/vc_column_text][vc_separator type=\u00a0\u00bbtransparent\u00a0\u00bb border_style=\u00a0\u00bb\u00a0\u00bb up=\u00a0\u00bb20&Prime; down=\u00a0\u00bb0&Prime;][vc_column_text]<strong>Contact<\/strong><br \/>\nTel.: <a style=\"color: #373738;\" href=\"tel:00493055498330\">+49 30 86 32 947 00<\/a><br \/>\n<a style=\"color: #373738;\" href=\"mailto:info@kulturplakatierung.de\">info@kulturplakatierung.de<\/a>[\/vc_column_text][vc_separator type=\u00a0\u00bbtransparent\u00a0\u00bb border_style=\u00a0\u00bb\u00a0\u00bb up=\u00a0\u00bb40&Prime; down=\u00a0\u00bb0&Prime;][\/vc_column][vc_column width=\u00a0\u00bb3\/4&Prime;][vc_gmaps link=\u00a0\u00bb#E-8_JTNDaWZyYW1lJTIwZGF0YS1zcmMlM0QlMjJodHRwcyUzQSUyRiUyRnd3dy5nb29nbGUuY29tJTJGbWFwcyUyRmVtYmVkJTNGcGIlM0QlMjExbTE4JTIxMW0xMiUyMTFtMyUyMTFkMjQyOS4yNDc2NDAxNzIwMjQ2JTIxMmQxMy40ODk0MTc1MTU5NzU3NSUyMTNkNTIuNDkyNzU2NzQ1OTk5OTUlMjEybTMlMjExZjAlMjEyZjAlMjEzZjAlMjEzbTIlMjExaTEwMjQlMjEyaTc2OCUyMTRmMTMuMSUyMTNtMyUyMTFtMiUyMTFzMHg0N2E4NGZhNDk4NDkwNmU3JTI1M0EweDcyM2MzNmRlNTMwYTEwNjQlMjEyc0t1bHR1cnBsYWthdGllcnVuZyUyNTIwQmVybGluJTI1MjBHbWJIJTI1MjAlMjUyRiUyNTIwUGxha2F0bGFnZXIlMjE1ZTAlMjEzbTIlMjExc2RlJTIxMnNkZSUyMTR2MTY1NzcxNDgxOTI1MCUyMTVtMiUyMTFzZGUlMjEyc2RlJTIyJTIwd2lkdGglM0QlMjI2MDAlMjIlMjBoZWlnaHQlM0QlMjIzNTAlMjIlMjBzdHlsZSUzRCUyMmJvcmRlciUzQTAlM0IlMjIlMjBhbGxvd2Z1bGxzY3JlZW4lM0QlMjIlMjIlMjBsb2FkaW5nJTNEJTIybGF6eSUyMiUyMHJlZmVycmVycG9saWN5JTNEJTIybm8tcmVmZXJyZXItd2hlbi1kb3duZ3JhZGUlMjIlMjBkYXRhLWNvb2tpZWNvbnNlbnQlM0QlMjJtYXJrZXRpbmclMjIlM0UlM0MlMkZpZnJhbWUlM0U=\u00a0\u00bb size=\u00a0\u00bb350&Prime;][vc_raw_html el_class=\u00a0\u00bbcookieconsent-optout-marketing\u00a0\u00bb]PGRpdiBzdHlsZT0iYmFja2dyb3VuZC1jb2xvcjojZjdmN2Y3OyBwYWRkaW5nOjE5JSAxMCU7IGZvbnQtd2VpZ2h0OjYwMDsiPlZvdXMgZGV2ZXogZCdhYm9yZCBhY2NlcHRlciBsZXMgPGEgaHJlZj0iamF2YXNjcmlwdDpDb29raWVib3QucmVuZXcoKSI+Y29va2llcyBtYXJrZXRpbmc8L2E+IHBvdXIgcXVlIGxlIGNvbnRlbnUgZGUgR29vZ2xlIE1hcHMgc29pdCBjaGFyZ8OpLjwvZGl2Pg==[\/vc_raw_html][vc_separator type=\u00a0\u00bbtransparent\u00a0\u00bb border_style=\u00a0\u00bb\u00a0\u00bb up=\u00a0\u00bb40&Prime; down=\u00a0\u00bb0&Prime;][\/vc_column][\/vc_row][vc_row row_type=\u00a0\u00bbrow\u00a0\u00bb use_row_as_full_screen_section=\u00a0\u00bbno\u00a0\u00bb type=\u00a0\u00bbfull_width\u00a0\u00bb text_align=\u00a0\u00bbleft\u00a0\u00bb background_animation=\u00a0\u00bbnone\u00a0\u00bb css_animation=\u00a0\u00bb\u00a0\u00bb background_color=\u00a0\u00bb#edeeef\u00a0\u00bb][vc_column][vc_row_inner row_type=\u00a0\u00bbrow\u00a0\u00bb type=\u00a0\u00bbgrid\u00a0\u00bb use_row_as_full_screen_section_slide=\u00a0\u00bbno\u00a0\u00bb text_align=\u00a0\u00bbleft\u00a0\u00bb padding_top=\u00a0\u00bb95&Prime; padding_bottom=\u00a0\u00bb45&Prime; css_animation=\u00a0\u00bb\u00a0\u00bb][vc_column_inner width=\u00a0\u00bb1\/2&Prime; offset=\u00a0\u00bbvc_col-lg-offset-2 vc_col-lg-4 vc_col-md-offset-1 vc_col-md-5 vc_col-sm-offset-1 vc_col-xs-12&Prime; el_id=\u00a0\u00bbsocialmedia\u00a0\u00bb][vc_column_text]<\/p>\n<h5>Reseaux Sociaux<\/h5>\n<p>[\/vc_column_text][vc_separator type=\u00a0\u00bbtransparent\u00a0\u00bb border_style=\u00a0\u00bb\u00a0\u00bb up=\u00a0\u00bb10&Prime; down=\u00a0\u00bb0&Prime;][vc_column_text]Suivez-nous sur Facebook et d\u00e9couvrez nos concepts publicitaires individuels, nos emplacements nationaux et nos productions prestigieuses.[\/vc_column_text][vc_separator type=\u00a0\u00bbtransparent\u00a0\u00bb border_style=\u00a0\u00bb\u00a0\u00bb up=\u00a0\u00bb30&Prime; down=\u00a0\u00bb0&Prime;][\/vc_column_inner][vc_column_inner el_class=\u00a0\u00bbvc_txt_align_center\u00a0\u00bb width=\u00a0\u00bb5\/12&Prime; offset=\u00a0\u00bbvc_col-lg-4 vc_col-md-5 vc_col-sm-offset-0 vc_col-xs-12&Prime;]<span class='q_social_icon_holder with_link circle_social' data-hover-background-color=#00748b data-hover-border-color=#00748b data-hover-color=#ffffff><a href='https:\/\/www.facebook.com\/kulturplakatierung' target='_blank'><span class='fa-stack huge circle_social' style='color: #ffffff;background-color: #3b5998;border: 1px solid #3b5998;'><span class='social_icon social_facebook'><\/span><\/span><\/a><\/span>[vc_separator type=\u00a0\u00bbtransparent\u00a0\u00bb border_style=\u00a0\u00bb\u00a0\u00bb up=\u00a0\u00bb30&Prime; down=\u00a0\u00bb0&Prime;][\/vc_column_inner][\/vc_row_inner][\/vc_column][\/vc_row]<\/p>\n<\/div>","protected":false},"excerpt":{"rendered":"<p>[vc_row row_type=\u00a0\u00bbparallax\u00a0\u00bb text_align=\u00a0\u00bbleft\u00a0\u00bb background_image=\u00a0\u00bb22582&Prime; full_screen_section_height=\u00a0\u00bbno\u00a0\u00bb section_height=\u00a0\u00bb365&Prime; parallax_speed=\u00a0\u00bb0&Prime; css=\u00a0\u00bb.vc_custom_1642412201247{background-color: #e5006d !important;}\u00a0\u00bb][vc_column][vc_row_inner row_type=\u00a0\u00bbrow\u00a0\u00bb type=\u00a0\u00bbfull_width\u00a0\u00bb use_row_as_full_screen_section_slide=\u00a0\u00bbno\u00a0\u00bb text_align=\u00a0\u00bbcenter\u00a0\u00bb css_animation=\u00a0\u00bb\u00a0\u00bb][vc_column_inner][vc_separator type=\u00a0\u00bbtransparent\u00a0\u00bb border_style=\u00a0\u00bb\u00a0\u00bb up=\u00a0\u00bb40&Prime;][vc_separator type=\u00a0\u00bbtransparent\u00a0\u00bb border_style=\u00a0\u00bb\u00a0\u00bb up=\u00a0\u00bb40&Prime;][\/vc_column_inner][\/vc_row_inner][\/vc_column][\/vc_row][vc_row row_type=\u00a0\u00bbrow\u00a0\u00bb use_row_as_full_screen_section=\u00a0\u00bbno\u00a0\u00bb type=\u00a0\u00bbgrid\u00a0\u00bb text_align=\u00a0\u00bbleft\u00a0\u00bb background_animation=\u00a0\u00bbnone\u00a0\u00bb padding_top=\u00a0\u00bb100&Prime; padding_bottom=\u00a0\u00bb60&Prime; css_animation=\u00a0\u00bb\u00a0\u00bb][vc_column width=\u00a0\u00bb1\/4&Prime;][vc_column_text] Bureau [\/vc_column_text][vc_separator type=\u00a0\u00bbtransparent\u00a0\u00bb border_style=\u00a0\u00bb\u00a0\u00bb up=\u00a0\u00bb20&Prime; down=\u00a0\u00bb0&Prime;][vc_column_text]Kulturplakatierung Berlin GmbH Berkenbr\u00fccker Steig 20 13055 Berlin, Allemagne[\/vc_column_text][vc_separator type=\u00a0\u00bbtransparent\u00a0\u00bb&#8230;<\/p>\n","protected":false},"author":1,"featured_media":0,"parent":0,"menu_order":0,"comment_status":"closed","ping_status":"closed","template":"full_width.php","meta":{"footnotes":""},"class_list":["post-23134","page","type-page","status-publish","hentry"],"yoast_head":"<!-- This site is optimized with the Yoast SEO plugin v27.6 - https:\/\/yoast.com\/product\/yoast-seo-wordpress\/ -->\n<title>Coordonn\u00e9es et adresses de Kulturplakatierung Berlin GmbH<\/title>\n<meta name=\"description\" content=\"Emplacements et coordonn\u00e9es de Kulturplakatierung Berlin GmbH. Restez \u00e0 jour et suivez-nous sur Facebook.\" \/>\n<meta name=\"robots\" content=\"index, follow, max-snippet:-1, max-image-preview:large, max-video-preview:-1\" \/>\n<link rel=\"canonical\" href=\"https:\/\/www.kulturplakatierung.de\/fr\/contact\/\" \/>\n<meta property=\"og:locale\" content=\"fr_FR\" \/>\n<meta property=\"og:type\" content=\"article\" \/>\n<meta property=\"og:title\" content=\"Coordonn\u00e9es et adresses de Kulturplakatierung Berlin GmbH\" \/>\n<meta property=\"og:description\" content=\"Emplacements et coordonn\u00e9es de Kulturplakatierung Berlin GmbH. Restez \u00e0 jour et suivez-nous sur Facebook.\" \/>\n<meta property=\"og:url\" content=\"https:\/\/www.kulturplakatierung.de\/fr\/contact\/\" \/>\n<meta property=\"og:site_name\" content=\"Kulturplakatierung Berlin GmbH\" \/>\n<meta property=\"article:publisher\" content=\"https:\/\/www.facebook.com\/kulturplakatierung\" \/>\n<meta property=\"article:modified_time\" content=\"2023-01-23T11:38:07+00:00\" \/>\n<meta name=\"twitter:card\" content=\"summary_large_image\" \/>\n<meta name=\"twitter:label1\" content=\"Dur\u00e9e de lecture estim\u00e9e\" \/>\n\t<meta name=\"twitter:data1\" content=\"2 minutes\" \/>\n<script type=\"application\/ld+json\" class=\"yoast-schema-graph\">{\"@context\":\"https:\\\/\\\/schema.org\",\"@graph\":[{\"@type\":\"WebPage\",\"@id\":\"https:\\\/\\\/www.kulturplakatierung.de\\\/fr\\\/contact\\\/\",\"url\":\"https:\\\/\\\/www.kulturplakatierung.de\\\/fr\\\/contact\\\/\",\"name\":\"Coordonn\u00e9es et adresses de Kulturplakatierung Berlin GmbH\",\"isPartOf\":{\"@id\":\"https:\\\/\\\/www.kulturplakatierung.de\\\/fr\\\/#website\"},\"datePublished\":\"2022-11-08T13:59:47+00:00\",\"dateModified\":\"2023-01-23T11:38:07+00:00\",\"description\":\"Emplacements et coordonn\u00e9es de Kulturplakatierung Berlin GmbH. Restez \u00e0 jour et suivez-nous sur Facebook.\",\"breadcrumb\":{\"@id\":\"https:\\\/\\\/www.kulturplakatierung.de\\\/fr\\\/contact\\\/#breadcrumb\"},\"inLanguage\":\"fr-FR\",\"potentialAction\":[{\"@type\":\"ReadAction\",\"target\":[\"https:\\\/\\\/www.kulturplakatierung.de\\\/fr\\\/contact\\\/\"]}]},{\"@type\":\"BreadcrumbList\",\"@id\":\"https:\\\/\\\/www.kulturplakatierung.de\\\/fr\\\/contact\\\/#breadcrumb\",\"itemListElement\":[{\"@type\":\"ListItem\",\"position\":1,\"name\":\"Startseite\",\"item\":\"https:\\\/\\\/www.kulturplakatierung.de\\\/fr\\\/\"},{\"@type\":\"ListItem\",\"position\":2,\"name\":\"Contact\"}]},{\"@type\":\"WebSite\",\"@id\":\"https:\\\/\\\/www.kulturplakatierung.de\\\/fr\\\/#website\",\"url\":\"https:\\\/\\\/www.kulturplakatierung.de\\\/fr\\\/\",\"name\":\"Kulturplakatierung Berlin GmbH\",\"description\":\"Ihre Spezialisten f\u00fcr professionelle Plakatwerbung in Berlin\",\"publisher\":{\"@id\":\"https:\\\/\\\/www.kulturplakatierung.de\\\/fr\\\/#organization\"},\"potentialAction\":[{\"@type\":\"SearchAction\",\"target\":{\"@type\":\"EntryPoint\",\"urlTemplate\":\"https:\\\/\\\/www.kulturplakatierung.de\\\/fr\\\/?s={search_term_string}\"},\"query-input\":{\"@type\":\"PropertyValueSpecification\",\"valueRequired\":true,\"valueName\":\"search_term_string\"}}],\"inLanguage\":\"fr-FR\"},{\"@type\":\"Organization\",\"@id\":\"https:\\\/\\\/www.kulturplakatierung.de\\\/fr\\\/#organization\",\"name\":\"Kulturplakatierung Berlin GmbH\",\"url\":\"https:\\\/\\\/www.kulturplakatierung.de\\\/fr\\\/\",\"logo\":{\"@type\":\"ImageObject\",\"inLanguage\":\"fr-FR\",\"@id\":\"https:\\\/\\\/www.kulturplakatierung.de\\\/fr\\\/#\\\/schema\\\/logo\\\/image\\\/\",\"url\":\"https:\\\/\\\/www.kulturplakatierung.de\\\/wp-content\\\/uploads\\\/2021\\\/12\\\/kulturplakatierung-logo-weiss.png\",\"contentUrl\":\"https:\\\/\\\/www.kulturplakatierung.de\\\/wp-content\\\/uploads\\\/2021\\\/12\\\/kulturplakatierung-logo-weiss.png\",\"width\":520,\"height\":150,\"caption\":\"Kulturplakatierung Berlin GmbH\"},\"image\":{\"@id\":\"https:\\\/\\\/www.kulturplakatierung.de\\\/fr\\\/#\\\/schema\\\/logo\\\/image\\\/\"},\"sameAs\":[\"https:\\\/\\\/www.facebook.com\\\/kulturplakatierung\"]}]}<\/script>\n<!-- \/ Yoast SEO plugin. -->","yoast_head_json":{"title":"Coordonn\u00e9es et adresses de Kulturplakatierung Berlin GmbH","description":"Emplacements et coordonn\u00e9es de Kulturplakatierung Berlin GmbH. Restez \u00e0 jour et suivez-nous sur Facebook.","robots":{"index":"index","follow":"follow","max-snippet":"max-snippet:-1","max-image-preview":"max-image-preview:large","max-video-preview":"max-video-preview:-1"},"canonical":"https:\/\/www.kulturplakatierung.de\/fr\/contact\/","og_locale":"fr_FR","og_type":"article","og_title":"Coordonn\u00e9es et adresses de Kulturplakatierung Berlin GmbH","og_description":"Emplacements et coordonn\u00e9es de Kulturplakatierung Berlin GmbH. Restez \u00e0 jour et suivez-nous sur Facebook.","og_url":"https:\/\/www.kulturplakatierung.de\/fr\/contact\/","og_site_name":"Kulturplakatierung Berlin GmbH","article_publisher":"https:\/\/www.facebook.com\/kulturplakatierung","article_modified_time":"2023-01-23T11:38:07+00:00","twitter_card":"summary_large_image","twitter_misc":{"Dur\u00e9e de lecture estim\u00e9e":"2 minutes"},"schema":{"@context":"https:\/\/schema.org","@graph":[{"@type":"WebPage","@id":"https:\/\/www.kulturplakatierung.de\/fr\/contact\/","url":"https:\/\/www.kulturplakatierung.de\/fr\/contact\/","name":"Coordonn\u00e9es et adresses de Kulturplakatierung Berlin GmbH","isPartOf":{"@id":"https:\/\/www.kulturplakatierung.de\/fr\/#website"},"datePublished":"2022-11-08T13:59:47+00:00","dateModified":"2023-01-23T11:38:07+00:00","description":"Emplacements et coordonn\u00e9es de Kulturplakatierung Berlin GmbH. Restez \u00e0 jour et suivez-nous sur Facebook.","breadcrumb":{"@id":"https:\/\/www.kulturplakatierung.de\/fr\/contact\/#breadcrumb"},"inLanguage":"fr-FR","potentialAction":[{"@type":"ReadAction","target":["https:\/\/www.kulturplakatierung.de\/fr\/contact\/"]}]},{"@type":"BreadcrumbList","@id":"https:\/\/www.kulturplakatierung.de\/fr\/contact\/#breadcrumb","itemListElement":[{"@type":"ListItem","position":1,"name":"Startseite","item":"https:\/\/www.kulturplakatierung.de\/fr\/"},{"@type":"ListItem","position":2,"name":"Contact"}]},{"@type":"WebSite","@id":"https:\/\/www.kulturplakatierung.de\/fr\/#website","url":"https:\/\/www.kulturplakatierung.de\/fr\/","name":"Kulturplakatierung Berlin GmbH","description":"Ihre Spezialisten f\u00fcr professionelle Plakatwerbung in Berlin","publisher":{"@id":"https:\/\/www.kulturplakatierung.de\/fr\/#organization"},"potentialAction":[{"@type":"SearchAction","target":{"@type":"EntryPoint","urlTemplate":"https:\/\/www.kulturplakatierung.de\/fr\/?s={search_term_string}"},"query-input":{"@type":"PropertyValueSpecification","valueRequired":true,"valueName":"search_term_string"}}],"inLanguage":"fr-FR"},{"@type":"Organization","@id":"https:\/\/www.kulturplakatierung.de\/fr\/#organization","name":"Kulturplakatierung Berlin GmbH","url":"https:\/\/www.kulturplakatierung.de\/fr\/","logo":{"@type":"ImageObject","inLanguage":"fr-FR","@id":"https:\/\/www.kulturplakatierung.de\/fr\/#\/schema\/logo\/image\/","url":"https:\/\/www.kulturplakatierung.de\/wp-content\/uploads\/2021\/12\/kulturplakatierung-logo-weiss.png","contentUrl":"https:\/\/www.kulturplakatierung.de\/wp-content\/uploads\/2021\/12\/kulturplakatierung-logo-weiss.png","width":520,"height":150,"caption":"Kulturplakatierung Berlin GmbH"},"image":{"@id":"https:\/\/www.kulturplakatierung.de\/fr\/#\/schema\/logo\/image\/"},"sameAs":["https:\/\/www.facebook.com\/kulturplakatierung"]}]}},"_links":{"self":[{"href":"https:\/\/www.kulturplakatierung.de\/fr\/wp-json\/wp\/v2\/pages\/23134","targetHints":{"allow":["GET"]}}],"collection":[{"href":"https:\/\/www.kulturplakatierung.de\/fr\/wp-json\/wp\/v2\/pages"}],"about":[{"href":"https:\/\/www.kulturplakatierung.de\/fr\/wp-json\/wp\/v2\/types\/page"}],"author":[{"embeddable":true,"href":"https:\/\/www.kulturplakatierung.de\/fr\/wp-json\/wp\/v2\/users\/1"}],"replies":[{"embeddable":true,"href":"https:\/\/www.kulturplakatierung.de\/fr\/wp-json\/wp\/v2\/comments?post=23134"}],"version-history":[{"count":11,"href":"https:\/\/www.kulturplakatierung.de\/fr\/wp-json\/wp\/v2\/pages\/23134\/revisions"}],"predecessor-version":[{"id":23316,"href":"https:\/\/www.kulturplakatierung.de\/fr\/wp-json\/wp\/v2\/pages\/23134\/revisions\/23316"}],"wp:attachment":[{"href":"https:\/\/www.kulturplakatierung.de\/fr\/wp-json\/wp\/v2\/media?parent=23134"}],"curies":[{"name":"wp","href":"https:\/\/api.w.org\/{rel}","templated":true}]}}