{"id":23143,"date":"2022-11-08T15:16:44","date_gmt":"2022-11-08T14:16:44","guid":{"rendered":"https:\/\/www.kulturplakatierung.de\/mentions-legales\/"},"modified":"2023-01-24T13:08:20","modified_gmt":"2023-01-24T12:08:20","slug":"mentions-legales","status":"publish","type":"page","link":"https:\/\/www.kulturplakatierung.de\/fr\/mentions-legales\/","title":{"rendered":"Mentions l\u00e9gales"},"content":{"rendered":"<div class=\"wpb-content-wrapper\"><p>[vc_row row_type=\u00a0\u00bbrow\u00a0\u00bb use_row_as_full_screen_section=\u00a0\u00bbno\u00a0\u00bb type=\u00a0\u00bbgrid\u00a0\u00bb text_align=\u00a0\u00bbleft\u00a0\u00bb background_animation=\u00a0\u00bbnone\u00a0\u00bb padding_top=\u00a0\u00bb100&Prime; padding_bottom=\u00a0\u00bb60&Prime; css_animation=\u00a0\u00bb\u00a0\u00bb background_color=\u00a0\u00bb#ffffff\u00a0\u00bb][vc_column width=\u00a0\u00bb1\/2&Prime;][vc_column_text]<\/p>\n<h3>Bureau<\/h3>\n<p>[\/vc_column_text][vc_separator type=\u00a0\u00bbtransparent\u00a0\u00bb border_style=\u00a0\u00bb\u00a0\u00bb up=\u00a0\u00bb20&Prime; down=\u00a0\u00bb0&Prime;][vc_column_text]<strong>Kulturplakatierung Berlin GmbH<\/strong><br \/>\nBerkenbr\u00fccker Steig 20<br \/>\n13055 Berlin, Allemagne[\/vc_column_text][vc_separator type=\u00a0\u00bbtransparent\u00a0\u00bb border_style=\u00a0\u00bb\u00a0\u00bb up=\u00a0\u00bb20&Prime; down=\u00a0\u00bb0&Prime;][vc_column_text]Tel.: <a style=\"color: #373738;\" href=\"tel:004930863294700\">+49 30 86 32 947 00<\/a><br \/>\nFax: +49 30 86 32 947 19<br \/>\n<a style=\"color: #373738;\" href=\"mailto:info@kulturplakatierung.de\">info@kulturplakatierung.de<\/a>[\/vc_column_text][vc_separator type=\u00a0\u00bbtransparent\u00a0\u00bb border_style=\u00a0\u00bb\u00a0\u00bb up=\u00a0\u00bb40&Prime; down=\u00a0\u00bb0&Prime;][\/vc_column][vc_column width=\u00a0\u00bb1\/2&Prime;][vc_column_text]<\/p>\n<h3>Directeur g\u00e9n\u00e9ral<\/h3>\n<p>[\/vc_column_text][vc_separator type=\u00a0\u00bbtransparent\u00a0\u00bb border_style=\u00a0\u00bb\u00a0\u00bb up=\u00a0\u00bb20&Prime; down=\u00a0\u00bb0&Prime;][vc_column_text]Mihai Danzke<br \/>\nRalf Gerlich[\/vc_column_text][vc_separator type=\u00a0\u00bbtransparent\u00a0\u00bb border_style=\u00a0\u00bb\u00a0\u00bb up=\u00a0\u00bb20&Prime; down=\u00a0\u00bb0&Prime;][vc_column_text]Tribunal de district :<br \/>\nBerlin-Charlottenburg, HRB 49746<br \/>\nNum\u00e9ro de TVA : DE164937990<br \/>\nNum\u00e9ro d\u2019identification fiscale : 37\/406\/30282[\/vc_column_text][vc_separator type=\u00a0\u00bbtransparent\u00a0\u00bb border_style=\u00a0\u00bb\u00a0\u00bb up=\u00a0\u00bb40&Prime; down=\u00a0\u00bb0&Prime;][\/vc_column][\/vc_row][vc_row row_type=\u00a0\u00bbrow\u00a0\u00bb use_row_as_full_screen_section=\u00a0\u00bbno\u00a0\u00bb type=\u00a0\u00bbgrid\u00a0\u00bb text_align=\u00a0\u00bbleft\u00a0\u00bb background_animation=\u00a0\u00bbnone\u00a0\u00bb padding_top=\u00a0\u00bb100&Prime; padding_bottom=\u00a0\u00bb40&Prime; css_animation=\u00a0\u00bb\u00a0\u00bb background_color=\u00a0\u00bb#dadcde\u00a0\u00bb][vc_column width=\u00a0\u00bb1\/2&Prime;][vc_column_text]<\/p>\n<h3>Clause de non-responsabilit\u00e9<\/h3>\n<p>[\/vc_column_text][vc_separator type=\u00a0\u00bbtransparent\u00a0\u00bb border_style=\u00a0\u00bb\u00a0\u00bb up=\u00a0\u00bb20&Prime; down=\u00a0\u00bb0&Prime;][vc_column_text]Malgr\u00e9 un contr\u00f4le minutieux du contenu, nous d\u00e9clinons toute responsabilit\u00e9 quant au contenu des liens externes. Les exploitants des pages li\u00e9es sont seuls responsables de leur contenu.[\/vc_column_text][vc_separator type=\u00a0\u00bbtransparent\u00a0\u00bb border_style=\u00a0\u00bb\u00a0\u00bb up=\u00a0\u00bb40&Prime; down=\u00a0\u00bb0&Prime;][\/vc_column][vc_column width=\u00a0\u00bb1\/2&Prime;][vc_column_text]<\/p>\n<h3>Opposition aux mails publicitaires<\/h3>\n<p>[\/vc_column_text][vc_separator type=\u00a0\u00bbtransparent\u00a0\u00bb border_style=\u00a0\u00bb\u00a0\u00bb up=\u00a0\u00bb20&Prime; down=\u00a0\u00bb0&Prime;][vc_column_text]Nous nous opposons express\u00e9ment \u00e0 l\u2019utilisation des donn\u00e9es de contact publi\u00e9es dans le cadre de l\u2019obligation d\u2019impression par des tiers pour l\u2019envoi de publicit\u00e9s et de mat\u00e9riel d\u2019information non sollicit\u00e9s.[\/vc_column_text][vc_separator type=\u00a0\u00bbtransparent\u00a0\u00bb border_style=\u00a0\u00bb\u00a0\u00bb up=\u00a0\u00bb40&Prime; down=\u00a0\u00bb0&Prime;][\/vc_column][\/vc_row]<\/p>\n<\/div>","protected":false},"excerpt":{"rendered":"<p>[vc_row row_type=\u00a0\u00bbrow\u00a0\u00bb use_row_as_full_screen_section=\u00a0\u00bbno\u00a0\u00bb type=\u00a0\u00bbgrid\u00a0\u00bb text_align=\u00a0\u00bbleft\u00a0\u00bb background_animation=\u00a0\u00bbnone\u00a0\u00bb padding_top=\u00a0\u00bb100&Prime; padding_bottom=\u00a0\u00bb60&Prime; css_animation=\u00a0\u00bb\u00a0\u00bb background_color=\u00a0\u00bb#ffffff\u00a0\u00bb][vc_column width=\u00a0\u00bb1\/2&Prime;][vc_column_text] Bureau [\/vc_column_text][vc_separator type=\u00a0\u00bbtransparent\u00a0\u00bb border_style=\u00a0\u00bb\u00a0\u00bb up=\u00a0\u00bb20&Prime; down=\u00a0\u00bb0&Prime;][vc_column_text]Kulturplakatierung Berlin GmbH Berkenbr\u00fccker Steig 20 13055 Berlin, Allemagne[\/vc_column_text][vc_separator type=\u00a0\u00bbtransparent\u00a0\u00bb border_style=\u00a0\u00bb\u00a0\u00bb up=\u00a0\u00bb20&Prime; down=\u00a0\u00bb0&Prime;][vc_column_text]Tel.: +49 30 86 32 947 00 Fax: +49 30 86 32 947 19 info@kulturplakatierung.de[\/vc_column_text][vc_separator type=\u00a0\u00bbtransparent\u00a0\u00bb border_style=\u00a0\u00bb\u00a0\u00bb&#8230;<\/p>\n","protected":false},"author":1,"featured_media":0,"parent":0,"menu_order":0,"comment_status":"closed","ping_status":"closed","template":"full_width.php","meta":{"footnotes":""},"class_list":["post-23143","page","type-page","status-publish","hentry"],"yoast_head":"<!-- This site is optimized with the Yoast SEO plugin v27.5 - https:\/\/yoast.com\/product\/yoast-seo-wordpress\/ -->\n<title>Mentions l\u00e9gales - Kulturplakatierung Berlin GmbH<\/title>\n<meta name=\"description\" content=\"Mentions l\u00e9gales de Kulturplakatierung Berlin GmbH, Berkenbr\u00fccker Steig 20, 13055 Berlin, Allemagne.\" \/>\n<meta name=\"robots\" content=\"index, follow, max-snippet:-1, max-image-preview:large, max-video-preview:-1\" \/>\n<link rel=\"canonical\" href=\"https:\/\/www.kulturplakatierung.de\/fr\/mentions-legales\/\" \/>\n<meta property=\"og:locale\" content=\"fr_FR\" \/>\n<meta property=\"og:type\" content=\"article\" \/>\n<meta property=\"og:title\" content=\"Mentions l\u00e9gales - Kulturplakatierung Berlin GmbH\" \/>\n<meta property=\"og:description\" content=\"Mentions l\u00e9gales de Kulturplakatierung Berlin GmbH, Berkenbr\u00fccker Steig 20, 13055 Berlin, Allemagne.\" \/>\n<meta property=\"og:url\" content=\"https:\/\/www.kulturplakatierung.de\/fr\/mentions-legales\/\" \/>\n<meta property=\"og:site_name\" content=\"Kulturplakatierung Berlin GmbH\" \/>\n<meta property=\"article:publisher\" content=\"https:\/\/www.facebook.com\/kulturplakatierung\" \/>\n<meta property=\"article:modified_time\" content=\"2023-01-24T12:08:20+00:00\" \/>\n<meta name=\"twitter:card\" content=\"summary_large_image\" \/>\n<meta name=\"twitter:label1\" content=\"Dur\u00e9e de lecture estim\u00e9e\" \/>\n\t<meta name=\"twitter:data1\" content=\"1 minute\" \/>\n<script type=\"application\/ld+json\" class=\"yoast-schema-graph\">{\"@context\":\"https:\\\/\\\/schema.org\",\"@graph\":[{\"@type\":\"WebPage\",\"@id\":\"https:\\\/\\\/www.kulturplakatierung.de\\\/fr\\\/mentions-legales\\\/\",\"url\":\"https:\\\/\\\/www.kulturplakatierung.de\\\/fr\\\/mentions-legales\\\/\",\"name\":\"Mentions l\u00e9gales - Kulturplakatierung Berlin GmbH\",\"isPartOf\":{\"@id\":\"https:\\\/\\\/www.kulturplakatierung.de\\\/fr\\\/#website\"},\"datePublished\":\"2022-11-08T14:16:44+00:00\",\"dateModified\":\"2023-01-24T12:08:20+00:00\",\"description\":\"Mentions l\u00e9gales de Kulturplakatierung Berlin GmbH, Berkenbr\u00fccker Steig 20, 13055 Berlin, Allemagne.\",\"breadcrumb\":{\"@id\":\"https:\\\/\\\/www.kulturplakatierung.de\\\/fr\\\/mentions-legales\\\/#breadcrumb\"},\"inLanguage\":\"fr-FR\",\"potentialAction\":[{\"@type\":\"ReadAction\",\"target\":[\"https:\\\/\\\/www.kulturplakatierung.de\\\/fr\\\/mentions-legales\\\/\"]}]},{\"@type\":\"BreadcrumbList\",\"@id\":\"https:\\\/\\\/www.kulturplakatierung.de\\\/fr\\\/mentions-legales\\\/#breadcrumb\",\"itemListElement\":[{\"@type\":\"ListItem\",\"position\":1,\"name\":\"Startseite\",\"item\":\"https:\\\/\\\/www.kulturplakatierung.de\\\/fr\\\/\"},{\"@type\":\"ListItem\",\"position\":2,\"name\":\"Mentions l\u00e9gales\"}]},{\"@type\":\"WebSite\",\"@id\":\"https:\\\/\\\/www.kulturplakatierung.de\\\/fr\\\/#website\",\"url\":\"https:\\\/\\\/www.kulturplakatierung.de\\\/fr\\\/\",\"name\":\"Kulturplakatierung Berlin GmbH\",\"description\":\"Ihre Spezialisten f\u00fcr professionelle Plakatwerbung in Berlin\",\"publisher\":{\"@id\":\"https:\\\/\\\/www.kulturplakatierung.de\\\/fr\\\/#organization\"},\"potentialAction\":[{\"@type\":\"SearchAction\",\"target\":{\"@type\":\"EntryPoint\",\"urlTemplate\":\"https:\\\/\\\/www.kulturplakatierung.de\\\/fr\\\/?s={search_term_string}\"},\"query-input\":{\"@type\":\"PropertyValueSpecification\",\"valueRequired\":true,\"valueName\":\"search_term_string\"}}],\"inLanguage\":\"fr-FR\"},{\"@type\":\"Organization\",\"@id\":\"https:\\\/\\\/www.kulturplakatierung.de\\\/fr\\\/#organization\",\"name\":\"Kulturplakatierung Berlin GmbH\",\"url\":\"https:\\\/\\\/www.kulturplakatierung.de\\\/fr\\\/\",\"logo\":{\"@type\":\"ImageObject\",\"inLanguage\":\"fr-FR\",\"@id\":\"https:\\\/\\\/www.kulturplakatierung.de\\\/fr\\\/#\\\/schema\\\/logo\\\/image\\\/\",\"url\":\"https:\\\/\\\/www.kulturplakatierung.de\\\/wp-content\\\/uploads\\\/2021\\\/12\\\/kulturplakatierung-logo-weiss.png\",\"contentUrl\":\"https:\\\/\\\/www.kulturplakatierung.de\\\/wp-content\\\/uploads\\\/2021\\\/12\\\/kulturplakatierung-logo-weiss.png\",\"width\":520,\"height\":150,\"caption\":\"Kulturplakatierung Berlin GmbH\"},\"image\":{\"@id\":\"https:\\\/\\\/www.kulturplakatierung.de\\\/fr\\\/#\\\/schema\\\/logo\\\/image\\\/\"},\"sameAs\":[\"https:\\\/\\\/www.facebook.com\\\/kulturplakatierung\"]}]}<\/script>\n<!-- \/ Yoast SEO plugin. -->","yoast_head_json":{"title":"Mentions l\u00e9gales - Kulturplakatierung Berlin GmbH","description":"Mentions l\u00e9gales de Kulturplakatierung Berlin GmbH, Berkenbr\u00fccker Steig 20, 13055 Berlin, Allemagne.","robots":{"index":"index","follow":"follow","max-snippet":"max-snippet:-1","max-image-preview":"max-image-preview:large","max-video-preview":"max-video-preview:-1"},"canonical":"https:\/\/www.kulturplakatierung.de\/fr\/mentions-legales\/","og_locale":"fr_FR","og_type":"article","og_title":"Mentions l\u00e9gales - Kulturplakatierung Berlin GmbH","og_description":"Mentions l\u00e9gales de Kulturplakatierung Berlin GmbH, Berkenbr\u00fccker Steig 20, 13055 Berlin, Allemagne.","og_url":"https:\/\/www.kulturplakatierung.de\/fr\/mentions-legales\/","og_site_name":"Kulturplakatierung Berlin GmbH","article_publisher":"https:\/\/www.facebook.com\/kulturplakatierung","article_modified_time":"2023-01-24T12:08:20+00:00","twitter_card":"summary_large_image","twitter_misc":{"Dur\u00e9e de lecture estim\u00e9e":"1 minute"},"schema":{"@context":"https:\/\/schema.org","@graph":[{"@type":"WebPage","@id":"https:\/\/www.kulturplakatierung.de\/fr\/mentions-legales\/","url":"https:\/\/www.kulturplakatierung.de\/fr\/mentions-legales\/","name":"Mentions l\u00e9gales - Kulturplakatierung Berlin GmbH","isPartOf":{"@id":"https:\/\/www.kulturplakatierung.de\/fr\/#website"},"datePublished":"2022-11-08T14:16:44+00:00","dateModified":"2023-01-24T12:08:20+00:00","description":"Mentions l\u00e9gales de Kulturplakatierung Berlin GmbH, Berkenbr\u00fccker Steig 20, 13055 Berlin, Allemagne.","breadcrumb":{"@id":"https:\/\/www.kulturplakatierung.de\/fr\/mentions-legales\/#breadcrumb"},"inLanguage":"fr-FR","potentialAction":[{"@type":"ReadAction","target":["https:\/\/www.kulturplakatierung.de\/fr\/mentions-legales\/"]}]},{"@type":"BreadcrumbList","@id":"https:\/\/www.kulturplakatierung.de\/fr\/mentions-legales\/#breadcrumb","itemListElement":[{"@type":"ListItem","position":1,"name":"Startseite","item":"https:\/\/www.kulturplakatierung.de\/fr\/"},{"@type":"ListItem","position":2,"name":"Mentions l\u00e9gales"}]},{"@type":"WebSite","@id":"https:\/\/www.kulturplakatierung.de\/fr\/#website","url":"https:\/\/www.kulturplakatierung.de\/fr\/","name":"Kulturplakatierung Berlin GmbH","description":"Ihre Spezialisten f\u00fcr professionelle Plakatwerbung in Berlin","publisher":{"@id":"https:\/\/www.kulturplakatierung.de\/fr\/#organization"},"potentialAction":[{"@type":"SearchAction","target":{"@type":"EntryPoint","urlTemplate":"https:\/\/www.kulturplakatierung.de\/fr\/?s={search_term_string}"},"query-input":{"@type":"PropertyValueSpecification","valueRequired":true,"valueName":"search_term_string"}}],"inLanguage":"fr-FR"},{"@type":"Organization","@id":"https:\/\/www.kulturplakatierung.de\/fr\/#organization","name":"Kulturplakatierung Berlin GmbH","url":"https:\/\/www.kulturplakatierung.de\/fr\/","logo":{"@type":"ImageObject","inLanguage":"fr-FR","@id":"https:\/\/www.kulturplakatierung.de\/fr\/#\/schema\/logo\/image\/","url":"https:\/\/www.kulturplakatierung.de\/wp-content\/uploads\/2021\/12\/kulturplakatierung-logo-weiss.png","contentUrl":"https:\/\/www.kulturplakatierung.de\/wp-content\/uploads\/2021\/12\/kulturplakatierung-logo-weiss.png","width":520,"height":150,"caption":"Kulturplakatierung Berlin GmbH"},"image":{"@id":"https:\/\/www.kulturplakatierung.de\/fr\/#\/schema\/logo\/image\/"},"sameAs":["https:\/\/www.facebook.com\/kulturplakatierung"]}]}},"_links":{"self":[{"href":"https:\/\/www.kulturplakatierung.de\/fr\/wp-json\/wp\/v2\/pages\/23143","targetHints":{"allow":["GET"]}}],"collection":[{"href":"https:\/\/www.kulturplakatierung.de\/fr\/wp-json\/wp\/v2\/pages"}],"about":[{"href":"https:\/\/www.kulturplakatierung.de\/fr\/wp-json\/wp\/v2\/types\/page"}],"author":[{"embeddable":true,"href":"https:\/\/www.kulturplakatierung.de\/fr\/wp-json\/wp\/v2\/users\/1"}],"replies":[{"embeddable":true,"href":"https:\/\/www.kulturplakatierung.de\/fr\/wp-json\/wp\/v2\/comments?post=23143"}],"version-history":[{"count":7,"href":"https:\/\/www.kulturplakatierung.de\/fr\/wp-json\/wp\/v2\/pages\/23143\/revisions"}],"predecessor-version":[{"id":23318,"href":"https:\/\/www.kulturplakatierung.de\/fr\/wp-json\/wp\/v2\/pages\/23143\/revisions\/23318"}],"wp:attachment":[{"href":"https:\/\/www.kulturplakatierung.de\/fr\/wp-json\/wp\/v2\/media?parent=23143"}],"curies":[{"name":"wp","href":"https:\/\/api.w.org\/{rel}","templated":true}]}}